{"id":23,"date":"2025-03-01T10:16:33","date_gmt":"2025-03-01T13:16:33","guid":{"rendered":"https:\/\/rodrigoaraujo.pro.br\/umbanda\/home\/"},"modified":"2025-08-25T12:31:51","modified_gmt":"2025-08-25T15:31:51","slug":"home","status":"publish","type":"page","link":"https:\/\/rodrigoaraujo.pro.br\/umbanda\/home\/","title":{"rendered":"Home"},"content":{"rendered":"\n\n\n<p>[daily-maxim-365]<\/p>\n\n\n\n\n\n<p>Lorem Ipsum has been the industry&#8217;s standard dummy text ever since the 1500s.<\/p>\n\n\n\n\n\n<h1><span>P<\/span>reto Velho e a sabedoria da fam\u00edlia<\/h1>\n\n\n\n<h2><strong><span style=\"color:#000000;\"><em>Li\u00e7\u00f5es ancestrais para fortalecer la\u00e7os, superar desafios e viver em harmonia<\/em>\u00a0 \u00a0<\/span><span style=\"background-color:#000000;\"><\/span><\/strong> <\/h2>\n\n\n\n<p>A figura do\u00a0<strong>Preto-Velho<\/strong>\u00a0\u00e9 uma das mais respeitadas e emblem\u00e1ticas da Umbanda. Representando os esp\u00edritos de antigos escravizados que, ap\u00f3s desencarnarem, alcan\u00e7aram grande eleva\u00e7\u00e3o espiritual, os Pretos-Velhos s\u00e3o guias que transmitem humildade, paci\u00eancia e sabedoria ancestral. O livro\u00a0<em>Preto Velho e a sabedoria da fam\u00edlia<\/em>\u00a0apresenta um mergulho nos ensinamentos desses esp\u00edritos, revelando como suas li\u00e7\u00f5es ultrapassam os limites do terreiro e se estendem para a vida familiar e social.<\/p>\n\n\n\n<p><kbd><a href=\"https:\/\/rodrigoaraujo.pro.br\/umbanda\/2025\/preto-velho-e-a-sabedoria-da-familia-licoes-ancestrais-para-fortalecer-lacos-superar-desafios-e-viver-em-harmonia\/\" data-type=\"post\" data-id=\"194\">Leia mais<\/a><\/kbd><\/p>\n\n\n\n\n\n\n\n<h1><span>D<\/span>escobrindo a Umbanda<\/h1>\n\n\n\n<h2><strong><em style=\"color: rgb(0, 0, 0);\">Um guia para entender sua f\u00e9, rituais e guias<\/em><\/strong><\/h2>\n\n\n\n<p [object NamedNodeMap]>&#8220;Descobrindo a Umbanda&#8221; \u00e9 um convite para aqueles que desejam conhecer essa religi\u00e3o genuinamente brasileira de forma clara e acess\u00edvel. Sem mistifica\u00e7\u00f5es ou segredos, este livro revela os fundamentos da Umbanda, apresentando seus Orix\u00e1s, guias espirituais, rituais e filosofia de vida de maneira envolvente e did\u00e1tica.<br>Ao longo destas p\u00e1ginas, voc\u00ea compreender\u00e1 o significado das giras, o papel da caridade, a conex\u00e3o entre mat\u00e9ria e esp\u00edrito, e o uso de elementos como velas, ervas e pontos riscados. Al\u00e9m disso, descobrir\u00e1 a for\u00e7a dos atabaques e c\u00e2nticos sagrados, que vibram e fortalecem a energia espiritual nos terreiros.<br>Se voc\u00ea tem curiosidade sobre a Umbanda, busca compreender seus ensinamentos com respeito e profundidade, ou deseja se aproximar dessa tradi\u00e7\u00e3o espiritualista, &#8220;Descobrindo a Umbanda&#8221; ser\u00e1 seu primeiro passo nessa jornada de f\u00e9, aprendizado e transforma\u00e7\u00e3o.<\/p>\n\n\n\n<p><kbd><a href=\"https:\/\/rodrigoaraujo.pro.br\/umbanda\/descobrindo-a-umbanda\/\" data-type=\"page\" data-id=\"119\">Leia mais<\/a><\/kbd><\/p>\n\n\n\n\n\n<p>Lorem Ipsum has been the industry&#8217;s standard dummy text ever since the 1500s.<\/p>\n\n\n\n\n\n\n\n<p>Lorem Ipsum has been the industry&#8217;s standard dummy text ever since the 1500s.<\/p>\n\n\n\n\n\n<h1><span>H<\/span>ist\u00f3rias dos Orix\u00e1s para a alma<\/h1>\n\n\n\n<p [object NamedNodeMap]>\u00a0 \u00a0 \u00a0 \u00a0\u00a0<\/p>\n\n\n\n<p [object NamedNodeMap]>Em desenvolvimento<\/p>\n\n\n\n\n\n\n\n\n\n<h1><span>365<\/span> caminhos: reflex\u00f5es di\u00e1rias com os Orix\u00e1s<br><\/h1>\n\n\n\n<h2 [object NamedNodeMap]>S<em>abedoria, for\u00e7a e transforma\u00e7\u00e3o para cada dia do ano\u00a0<\/em><\/h2>\n\n\n\n<p [object NamedNodeMap]><br> A cada dia, um pensamento inspirado nos Orix\u00e1s, em seus mitos e em sua filosofia. N\u00e3o importa em que ponto da jornada voc\u00ea esteja, sempre haver\u00e1 uma palavra para abrir caminhos, fortalecer a f\u00e9, trazer equil\u00edbrio ou simplesmente lembrar que a vida \u00e9 um fluxo constante de renova\u00e7\u00e3o.<br>As mensagens que seguem n\u00e3o s\u00e3o predi\u00e7\u00f5es nem promessas. S\u00e3o chaves. Cabe a voc\u00ea decidir quais portas deseja abrir. Que Exu ilumine suas escolhas, que Ogum lhe d\u00ea coragem para seguir, que Ox\u00f3ssi mostre o rumo certo, que Oxum ensine o valor do amor e que Xang\u00f4 traga justi\u00e7a e equil\u00edbrio. Que cada p\u00e1gina seja um encontro com aquilo que voc\u00ea precisa ouvir.<\/p>\n\n\n\n<p [object NamedNodeMap]><kbd><a href=\"https:\/\/rodrigoaraujo.pro.br\/umbanda\/365-caminhos-reflexoes-diarias-com-os-orixas\/\" data-type=\"page\" data-id=\"129\">Leia mais<\/a><\/kbd><\/p>\n\n\n\n\n\n<p>Lorem Ipsum has been the industry&#8217;s standard dummy text ever since the 1500s.<\/p>\n\n\n\n\n\n<p><\/p>\n","protected":false},"excerpt":{"rendered":"<p>[daily-maxim-365]<\/p>\n","protected":false},"author":1,"featured_media":0,"parent":0,"menu_order":0,"comment_status":"closed","ping_status":"closed","template":"","meta":{"saved_in_kubio":false,"pagelayer_contact_templates":[],"_pagelayer_content":"","footnotes":""},"class_list":["post-23","page","type-page","status-publish","hentry"],"kubio_ai_page_context":{"short_desc":"","purpose":"general"},"_links":{"self":[{"href":"https:\/\/rodrigoaraujo.pro.br\/umbanda\/wp-json\/wp\/v2\/pages\/23","targetHints":{"allow":["GET"]}}],"collection":[{"href":"https:\/\/rodrigoaraujo.pro.br\/umbanda\/wp-json\/wp\/v2\/pages"}],"about":[{"href":"https:\/\/rodrigoaraujo.pro.br\/umbanda\/wp-json\/wp\/v2\/types\/page"}],"author":[{"embeddable":true,"href":"https:\/\/rodrigoaraujo.pro.br\/umbanda\/wp-json\/wp\/v2\/users\/1"}],"replies":[{"embeddable":true,"href":"https:\/\/rodrigoaraujo.pro.br\/umbanda\/wp-json\/wp\/v2\/comments?post=23"}],"version-history":[{"count":45,"href":"https:\/\/rodrigoaraujo.pro.br\/umbanda\/wp-json\/wp\/v2\/pages\/23\/revisions"}],"predecessor-version":[{"id":201,"href":"https:\/\/rodrigoaraujo.pro.br\/umbanda\/wp-json\/wp\/v2\/pages\/23\/revisions\/201"}],"wp:attachment":[{"href":"https:\/\/rodrigoaraujo.pro.br\/umbanda\/wp-json\/wp\/v2\/media?parent=23"}],"curies":[{"name":"wp","href":"https:\/\/api.w.org\/{rel}","templated":true}]}}