{"id":129,"date":"2025-03-10T17:56:12","date_gmt":"2025-03-10T20:56:12","guid":{"rendered":"https:\/\/rodrigoaraujo.pro.br\/umbanda\/?page_id=129"},"modified":"2025-03-10T17:56:12","modified_gmt":"2025-03-10T20:56:12","slug":"365-caminhos-reflexoes-diarias-com-os-orixas","status":"publish","type":"page","link":"https:\/\/rodrigoaraujo.pro.br\/umbanda\/365-caminhos-reflexoes-diarias-com-os-orixas\/","title":{"rendered":"365 caminhos: reflex\u00f5es di\u00e1rias com os Orix\u00e1s"},"content":{"rendered":"\n<blockquote class=\"wp-block-quote is-layout-flow wp-block-quote-is-layout-flow\">\n<p>Sabedoria, for\u00e7a e transforma\u00e7\u00e3o para cada dia do ano<\/p>\n<\/blockquote>\n\n\n\n<div class=\"wp-block-columns is-layout-flex wp-container-core-columns-is-layout-9d6595d7 wp-block-columns-is-layout-flex\">\n<div class=\"wp-block-column is-layout-flow wp-block-column-is-layout-flow\" style=\"flex-basis:100%\">\n\n<div class=\"wp-block-columns is-layout-flex wp-container-core-columns-is-layout-9d6595d7 wp-block-columns-is-layout-flex\">\n<div class=\"wp-block-column is-layout-flow wp-block-column-is-layout-flow\">\n<figure class=\"wp-block-image size-large\"><img loading=\"lazy\" decoding=\"async\" width=\"585\" height=\"1024\" src=\"https:\/\/rodrigoaraujo.pro.br\/umbanda\/wp-content\/uploads\/2025\/03\/365-dias-585x1024.webp\" alt=\"\" class=\"wp-image-130\" srcset=\"https:\/\/rodrigoaraujo.pro.br\/umbanda\/wp-content\/uploads\/2025\/03\/365-dias-585x1024.webp 585w, https:\/\/rodrigoaraujo.pro.br\/umbanda\/wp-content\/uploads\/2025\/03\/365-dias-171x300.webp 171w, https:\/\/rodrigoaraujo.pro.br\/umbanda\/wp-content\/uploads\/2025\/03\/365-dias-768x1344.webp 768w, https:\/\/rodrigoaraujo.pro.br\/umbanda\/wp-content\/uploads\/2025\/03\/365-dias-878x1536.webp 878w, https:\/\/rodrigoaraujo.pro.br\/umbanda\/wp-content\/uploads\/2025\/03\/365-dias.webp 1024w\" sizes=\"(max-width: 585px) 100vw, 585px\" \/><\/figure>\n<\/div>\n\n\n\n<div class=\"wp-block-column is-layout-flow wp-block-column-is-layout-flow\">\n<p>\u00cdNDICE<\/p>\n\n\n\n<p>Janeiro \u2013 Os caminhos se abrem<\/p>\n\n\n\n<p>Fevereiro \u2013 O ca\u00e7ador e a cura<\/p>\n\n\n\n<p>Mar\u00e7o \u2013 A sabedoria das \u00e1guas<\/p>\n\n\n\n<p>Abril \u2013 Justi\u00e7a e transforma\u00e7\u00e3o<\/p>\n\n\n\n<p>Maio \u2013 Ancestralidade e tempo<\/p>\n\n\n\n<p>Junho \u2013 O ciclo das mudan\u00e7as<\/p>\n\n\n\n<p>Julho \u2013 For\u00e7a e consci\u00eancia<\/p>\n\n\n\n<p>Agosto \u2013 O poder da cura<\/p>\n\n\n\n<p>Setembro \u2013 Serenidade e sabedoria<\/p>\n\n\n\n<p>Outubro \u2013 Tempestades e oportunidades<\/p>\n\n\n\n<p>Novembro \u2013 A for\u00e7a da gratid\u00e3o<\/p>\n\n\n\n<p>Dezembro \u2013 Encerramentos e recome\u00e7os<\/p>\n\n\n\n<p>Encerramento \u2013 O tempo, o ciclo e a evolu\u00e7\u00e3o<\/p>\n<\/div>\n<\/div>\n\n<\/div>\n<\/div>\n","protected":false},"excerpt":{"rendered":"<p>Sabedoria, for\u00e7a e transforma\u00e7\u00e3o para cada dia do ano<\/p>\n","protected":false},"author":1,"featured_media":0,"parent":0,"menu_order":0,"comment_status":"closed","ping_status":"closed","template":"","meta":{"saved_in_kubio":false,"pagelayer_contact_templates":[],"_pagelayer_content":"","footnotes":""},"class_list":["post-129","page","type-page","status-publish","hentry"],"kubio_ai_page_context":{"short_desc":"","purpose":"general"},"_links":{"self":[{"href":"https:\/\/rodrigoaraujo.pro.br\/umbanda\/wp-json\/wp\/v2\/pages\/129","targetHints":{"allow":["GET"]}}],"collection":[{"href":"https:\/\/rodrigoaraujo.pro.br\/umbanda\/wp-json\/wp\/v2\/pages"}],"about":[{"href":"https:\/\/rodrigoaraujo.pro.br\/umbanda\/wp-json\/wp\/v2\/types\/page"}],"author":[{"embeddable":true,"href":"https:\/\/rodrigoaraujo.pro.br\/umbanda\/wp-json\/wp\/v2\/users\/1"}],"replies":[{"embeddable":true,"href":"https:\/\/rodrigoaraujo.pro.br\/umbanda\/wp-json\/wp\/v2\/comments?post=129"}],"version-history":[{"count":1,"href":"https:\/\/rodrigoaraujo.pro.br\/umbanda\/wp-json\/wp\/v2\/pages\/129\/revisions"}],"predecessor-version":[{"id":131,"href":"https:\/\/rodrigoaraujo.pro.br\/umbanda\/wp-json\/wp\/v2\/pages\/129\/revisions\/131"}],"wp:attachment":[{"href":"https:\/\/rodrigoaraujo.pro.br\/umbanda\/wp-json\/wp\/v2\/media?parent=129"}],"curies":[{"name":"wp","href":"https:\/\/api.w.org\/{rel}","templated":true}]}}